{"id":380,"date":"2018-05-01T09:22:09","date_gmt":"2018-05-01T08:22:09","guid":{"rendered":"http:\/\/vetekspertai.lt\/?page_id=380"},"modified":"2018-05-01T09:22:09","modified_gmt":"2018-05-01T08:22:09","slug":"chirurginis-skyrius","status":"publish","type":"page","link":"https:\/\/vetekspertai.lt\/?page_id=380","title":{"rendered":"Chirurginis skyrius"},"content":{"rendered":"<section id=\"Apsauga\" data-parallax=\"0.1\" data-parallax-offset=\"0\" class=\"boldSection topExtraSpaced btDarkSkin gutter btMiddleVertical btParallax wBackground cover\" style=\"background-color:#ffffff;background-image:url('https:\/\/vetekspertai.lt\/wp-content\/uploads\/2015\/11\/pag-Dog-black-1.jpg');\"><div class=\"port\"><div class=\"boldCell\"><div class=\"boldCellInner\"><div class=\"boldRow  \" ><div class=\"boldRowInner\"><div class=\"rowItem col-md-7 col-ms-12  btTextLeft animate animate-fadein animate-moveright btTextIndent inherit\"  ><div class=\"rowItemContent\" ><div class=\"btClear btSeparator bottomSmallSpaced noBorder\" ><hr><\/div><header class=\"header btClear medium  btNormalDash\" ><div class=\"dash\"><h3><span class=\"headline\">\r<br>\r<br><em>ABSCESAS &#8211; P\u016aLINYS<\/em><\/span><\/h3><\/div><\/header><header class=\"header btClear extralarge  btNormalDash\" ><div class=\"btSubTitle\">Abscesas &#8211; tai nuo sveik\u0173j\u0173 audini\u0173 kapsule apribotas p\u016bli\u0173 telkinys. Abscesus sukelia bakterijos, kurios \u012f organizm\u0105 da\u017eniausiai patenka pro odos ar gleivin\u0117s su\u017eeidimus, re\u010diau krauj\u0105 arba limf\u0105.\r<br>Susidarius abscesui (p\u016bliniui), oda arba gleivin\u0117 aplink j\u012f parausta, patinsta, tampa kar\u0161tesn\u0117, o pa\u017eeist\u0105 viet\u0105 labai skauda. Tuo pat metu gyv\u016bnui pakyla k\u016bno temperat\u016bra, dingsta apetitas, pasirei\u0161kia vangumas.\r<br>Abscesai gali b\u016bti \u012fvairaus dyd\u017eio. Nedideli p\u016bliniai gydomi antibiotikais, o dideli &#8211; chirurginiu b\u016bdu. Negydant p\u016blinio, infekcija gali patekti \u012f krauj\u0105 ir sukelti seps\u012f arba vidaus organ\u0173 u\u017ekr\u0117tim\u0105. Laiku suteikus pagalb\u0105, abscesai visi\u0161kai i\u0161gydomi ir liga nebepasikartoja. Na, o jeigu p\u016bliniai link\u0119 kartotis, rekomenduojama i\u0161tirti ar gyv\u016bnas neserga kokiomis nors gretutin\u0117mis ligomis (cukriniu diabetu, ka\u010di\u0173 leukemijos virusu, ku\u0161ingo sindromu).\r<br>Smulki\u0173 gyv\u016bn\u0173 praktikoje da\u017eniausiai pasitaiko danties kanalo, odos ir pood\u017eio, paranalini\u0173 liauk\u0173 abscesai.<\/div><\/header><header class=\"header btClear extralarge  btNormalDash\" ><div class=\"btSubTitle\">T.S.<\/div><\/header><div class=\"btClear btSeparator bottomSemiSpaced noBorder\" ><hr><\/div><\/div><\/div><div class=\"rowItem col-md-5 col-ms-12  btTextLeft animate animate-fadein animate-moveleft btMiddleVertical\"  ><div class=\"rowItemContent\" ><\/div><\/div><\/div><\/div><\/div><\/div><\/div><\/section>","protected":false},"excerpt":{"rendered":"","protected":false},"author":1,"featured_media":0,"parent":2,"menu_order":0,"comment_status":"closed","ping_status":"closed","template":"","meta":{"footnotes":""},"class_list":["post-380","page","type-page","status-publish","hentry"],"_links":{"self":[{"href":"https:\/\/vetekspertai.lt\/index.php?rest_route=\/wp\/v2\/pages\/380","targetHints":{"allow":["GET"]}}],"collection":[{"href":"https:\/\/vetekspertai.lt\/index.php?rest_route=\/wp\/v2\/pages"}],"about":[{"href":"https:\/\/vetekspertai.lt\/index.php?rest_route=\/wp\/v2\/types\/page"}],"author":[{"embeddable":true,"href":"https:\/\/vetekspertai.lt\/index.php?rest_route=\/wp\/v2\/users\/1"}],"replies":[{"embeddable":true,"href":"https:\/\/vetekspertai.lt\/index.php?rest_route=%2Fwp%2Fv2%2Fcomments&post=380"}],"version-history":[{"count":1,"href":"https:\/\/vetekspertai.lt\/index.php?rest_route=\/wp\/v2\/pages\/380\/revisions"}],"predecessor-version":[{"id":381,"href":"https:\/\/vetekspertai.lt\/index.php?rest_route=\/wp\/v2\/pages\/380\/revisions\/381"}],"up":[{"embeddable":true,"href":"https:\/\/vetekspertai.lt\/index.php?rest_route=\/wp\/v2\/pages\/2"}],"wp:attachment":[{"href":"https:\/\/vetekspertai.lt\/index.php?rest_route=%2Fwp%2Fv2%2Fmedia&parent=380"}],"curies":[{"name":"wp","href":"https:\/\/api.w.org\/{rel}","templated":true}]}}